{"id":78,"date":"2024-03-17T21:12:29","date_gmt":"2024-03-18T00:12:29","guid":{"rendered":"https:\/\/reikler24.ahvisual.com.br\/?page_id=78"},"modified":"2024-04-01T22:06:03","modified_gmt":"2024-04-02T01:06:03","slug":"quem-somos","status":"publish","type":"page","link":"https:\/\/reikler24.ahvisual.com.br\/index.php\/quem-somos\/","title":{"rendered":"Quem Somos"},"content":{"rendered":"\t\t<div data-elementor-type=\"wp-page\" data-elementor-id=\"78\" class=\"elementor elementor-78\" data-elementor-post-type=\"page\">\n\t\t\t\t<div class=\"elementor-element elementor-element-4be7992 elementor-hidden-mobile e-flex e-con-boxed e-con e-parent\" data-id=\"4be7992\" data-element_type=\"container\" data-settings=\"{&quot;background_background&quot;:&quot;classic&quot;,&quot;content_width&quot;:&quot;boxed&quot;}\" data-core-v316-plus=\"true\">\n\t\t\t\t\t<div class=\"e-con-inner\">\n\t\t<div class=\"elementor-element elementor-element-fbc6509 e-con-full e-flex e-con e-child\" data-id=\"fbc6509\" data-element_type=\"container\" data-settings=\"{&quot;content_width&quot;:&quot;full&quot;}\">\n\t\t\t\t<div class=\"elementor-element elementor-element-c15a5ae elementor-widget elementor-widget-text-editor\" data-id=\"c15a5ae\" data-element_type=\"widget\" data-widget_type=\"text-editor.default\">\n\t\t\t\t<div class=\"elementor-widget-container\">\n\t\t\t<style>\/*! elementor - v3.19.0 - 26-02-2024 *\/\n.elementor-widget-text-editor.elementor-drop-cap-view-stacked .elementor-drop-cap{background-color:#69727d;color:#fff}.elementor-widget-text-editor.elementor-drop-cap-view-framed .elementor-drop-cap{color:#69727d;border:3px solid;background-color:transparent}.elementor-widget-text-editor:not(.elementor-drop-cap-view-default) .elementor-drop-cap{margin-top:8px}.elementor-widget-text-editor:not(.elementor-drop-cap-view-default) .elementor-drop-cap-letter{width:1em;height:1em}.elementor-widget-text-editor .elementor-drop-cap{float:left;text-align:center;line-height:1;font-size:50px}.elementor-widget-text-editor .elementor-drop-cap-letter{display:inline-block}<\/style>\t\t\t\t<p>Quem somos<\/p>\t\t\t\t\t\t<\/div>\n\t\t\t\t<\/div>\n\t\t\t\t<div class=\"elementor-element elementor-element-58c6eec elementor-widget elementor-widget-text-editor\" data-id=\"58c6eec\" data-element_type=\"widget\" data-widget_type=\"text-editor.default\">\n\t\t\t\t<div class=\"elementor-widget-container\">\n\t\t\t\t\t\t\t<p>Seja bem-vinda \u00e0 Reikler, sua nova casa da moda feminina! N\u00f3s nos dedicamos a oferecer uma ampla variedade de roupas que abra\u00e7am a diversidade de corpos e estilos, atendendo tanto \u00e0s linhas slim quanto plus size. Com sede na encantadora cidade de Gaspar, somos reconhecidos n\u00e3o apenas por nossas pe\u00e7as de qualidade excepcional, mas tamb\u00e9m pelo nosso compromisso em proporcionar conforto e estilo encantador para todas as mulheres.<\/p><p>Nossas cole\u00e7\u00f5es s\u00e3o cuidadosamente confeccionadas com os mais altos padr\u00f5es de qualidade, garantindo durabilidade e eleg\u00e2ncia em cada detalhe. Estamos empenhados em oferecer uma experi\u00eancia de compra que valorize a beleza em todas as suas formas, ajudando cada cliente a encontrar pe\u00e7as que realcem sua individualidade e autoestima.<\/p><p>Al\u00e9m disso, estamos orgulhosamente abertos para atender todo o Brasil, enviando nossas cria\u00e7\u00f5es exclusivas para todos os cantos do pa\u00eds. N\u00e3o importa onde voc\u00ea esteja, queremos que todas as mulheres se sintam especiais, confiantes e belas em nossas roupas.<\/p><p>Na Reikler, acreditamos que cada mulher \u00e9 \u00fanica, e \u00e9 essa individualidade que celebramos em cada pe\u00e7a que oferecemos. Junte-se a n\u00f3s nesta jornada de estilo, confian\u00e7a e autenticidade, onde a moda \u00e9 mais do que apenas vestir-se &#8211; \u00e9 uma forma de se expressar e brilhar.<\/p>\t\t\t\t\t\t<\/div>\n\t\t\t\t<\/div>\n\t\t\t\t<\/div>\n\t\t<div class=\"elementor-element elementor-element-92eb281 e-con-full e-flex e-con e-child\" data-id=\"92eb281\" data-element_type=\"container\" data-settings=\"{&quot;content_width&quot;:&quot;full&quot;}\">\n\t\t\t\t<div class=\"elementor-element elementor-element-289657c elementor-widget elementor-widget-image\" data-id=\"289657c\" data-element_type=\"widget\" data-widget_type=\"image.default\">\n\t\t\t\t<div class=\"elementor-widget-container\">\n\t\t\t<style>\/*! elementor - v3.19.0 - 26-02-2024 *\/\n.elementor-widget-image{text-align:center}.elementor-widget-image a{display:inline-block}.elementor-widget-image a img[src$=\".svg\"]{width:48px}.elementor-widget-image img{vertical-align:middle;display:inline-block}<\/style>\t\t\t\t\t\t\t\t\t\t<img decoding=\"async\" src=\"https:\/\/reikler24.ahvisual.com.br\/wp-content\/uploads\/elementor\/thumbs\/Design-sem-nome-10-qkjsidbosa6cm9a24w4v93jdxmebwkc39whz1jclq8.png\" title=\"Design sem nome (10)\" alt=\"Design sem nome (10)\" loading=\"lazy\" \/>\t\t\t\t\t\t\t\t\t\t\t\t\t<\/div>\n\t\t\t\t<\/div>\n\t\t\t\t<\/div>\n\t\t\t\t\t<\/div>\n\t\t\t\t<\/div>\n\t\t<div class=\"elementor-element elementor-element-5d4bde7 elementor-hidden-desktop elementor-hidden-tablet e-flex e-con-boxed e-con e-parent\" data-id=\"5d4bde7\" data-element_type=\"container\" data-settings=\"{&quot;background_background&quot;:&quot;classic&quot;,&quot;content_width&quot;:&quot;boxed&quot;}\" data-core-v316-plus=\"true\">\n\t\t\t\t\t<div class=\"e-con-inner\">\n\t\t<div class=\"elementor-element elementor-element-f27b87d e-con-full e-flex e-con e-child\" data-id=\"f27b87d\" data-element_type=\"container\" data-settings=\"{&quot;content_width&quot;:&quot;full&quot;}\">\n\t\t\t\t<div class=\"elementor-element elementor-element-d38647f elementor-widget elementor-widget-image\" data-id=\"d38647f\" data-element_type=\"widget\" data-widget_type=\"image.default\">\n\t\t\t\t<div class=\"elementor-widget-container\">\n\t\t\t\t\t\t\t\t\t\t\t\t\t<img decoding=\"async\" src=\"https:\/\/reikler24.ahvisual.com.br\/wp-content\/uploads\/elementor\/thumbs\/Design-sem-nome-10-qkjsidbosa6cm9a24w4v93jdxmebwkc39whz1jclq8.png\" title=\"Design sem nome (10)\" alt=\"Design sem nome (10)\" loading=\"lazy\" \/>\t\t\t\t\t\t\t\t\t\t\t\t\t<\/div>\n\t\t\t\t<\/div>\n\t\t\t\t<\/div>\n\t\t<div class=\"elementor-element elementor-element-a2c0e14 e-con-full e-flex e-con e-child\" data-id=\"a2c0e14\" data-element_type=\"container\" data-settings=\"{&quot;content_width&quot;:&quot;full&quot;}\">\n\t\t\t\t<div class=\"elementor-element elementor-element-c54e9a7 elementor-widget elementor-widget-text-editor\" data-id=\"c54e9a7\" data-element_type=\"widget\" data-widget_type=\"text-editor.default\">\n\t\t\t\t<div class=\"elementor-widget-container\">\n\t\t\t\t\t\t\t<p>Quem somos<\/p>\t\t\t\t\t\t<\/div>\n\t\t\t\t<\/div>\n\t\t\t\t<div class=\"elementor-element elementor-element-dd9aa57 elementor-widget elementor-widget-text-editor\" data-id=\"dd9aa57\" data-element_type=\"widget\" data-widget_type=\"text-editor.default\">\n\t\t\t\t<div class=\"elementor-widget-container\">\n\t\t\t\t\t\t\t<p>Seja bem-vinda \u00e0 Reikler, sua nova casa da moda feminina! N\u00f3s nos dedicamos a oferecer uma ampla variedade de roupas que abra\u00e7am a diversidade de corpos e estilos, atendendo tanto \u00e0s linhas slim quanto plus size. Com sede na encantadora cidade de Gaspar, somos reconhecidos n\u00e3o apenas por nossas pe\u00e7as de qualidade excepcional, mas tamb\u00e9m pelo nosso compromisso em proporcionar conforto e estilo encantador para todas as mulheres.<\/p><p>Nossas cole\u00e7\u00f5es s\u00e3o cuidadosamente confeccionadas com os mais altos padr\u00f5es de qualidade, garantindo durabilidade e eleg\u00e2ncia em cada detalhe. Estamos empenhados em oferecer uma experi\u00eancia de compra que valorize a beleza em todas as suas formas, ajudando cada cliente a encontrar pe\u00e7as que realcem sua individualidade e autoestima.<\/p><p>Al\u00e9m disso, estamos orgulhosamente abertos para atender todo o Brasil, enviando nossas cria\u00e7\u00f5es exclusivas para todos os cantos do pa\u00eds. N\u00e3o importa onde voc\u00ea esteja, queremos que todas as mulheres se sintam especiais, confiantes e belas em nossas roupas.<\/p><p>Na Reikler, acreditamos que cada mulher \u00e9 \u00fanica, e \u00e9 essa individualidade que celebramos em cada pe\u00e7a que oferecemos. Junte-se a n\u00f3s nesta jornada de estilo, confian\u00e7a e autenticidade, onde a moda \u00e9 mais do que apenas vestir-se &#8211; \u00e9 uma forma de se expressar e brilhar.<\/p>\t\t\t\t\t\t<\/div>\n\t\t\t\t<\/div>\n\t\t\t\t<\/div>\n\t\t\t\t\t<\/div>\n\t\t\t\t<\/div>\n\t\t\t\t<\/div>\n\t\t","protected":false},"excerpt":{"rendered":"<p>Quem somos Seja bem-vinda \u00e0 Reikler, sua nova casa da moda feminina! N\u00f3s nos dedicamos a oferecer uma ampla variedade de roupas que abra\u00e7am a diversidade de corpos e estilos, atendendo tanto \u00e0s linhas slim quanto plus size. Com sede na encantadora cidade de Gaspar, somos reconhecidos n\u00e3o apenas por nossas pe\u00e7as de qualidade excepcional, [&hellip;]<\/p>\n","protected":false},"author":1,"featured_media":0,"parent":0,"menu_order":0,"comment_status":"closed","ping_status":"closed","template":"elementor_header_footer","meta":{"footnotes":""},"_links":{"self":[{"href":"https:\/\/reikler24.ahvisual.com.br\/index.php\/wp-json\/wp\/v2\/pages\/78"}],"collection":[{"href":"https:\/\/reikler24.ahvisual.com.br\/index.php\/wp-json\/wp\/v2\/pages"}],"about":[{"href":"https:\/\/reikler24.ahvisual.com.br\/index.php\/wp-json\/wp\/v2\/types\/page"}],"author":[{"embeddable":true,"href":"https:\/\/reikler24.ahvisual.com.br\/index.php\/wp-json\/wp\/v2\/users\/1"}],"replies":[{"embeddable":true,"href":"https:\/\/reikler24.ahvisual.com.br\/index.php\/wp-json\/wp\/v2\/comments?post=78"}],"version-history":[{"count":10,"href":"https:\/\/reikler24.ahvisual.com.br\/index.php\/wp-json\/wp\/v2\/pages\/78\/revisions"}],"predecessor-version":[{"id":354,"href":"https:\/\/reikler24.ahvisual.com.br\/index.php\/wp-json\/wp\/v2\/pages\/78\/revisions\/354"}],"wp:attachment":[{"href":"https:\/\/reikler24.ahvisual.com.br\/index.php\/wp-json\/wp\/v2\/media?parent=78"}],"curies":[{"name":"wp","href":"https:\/\/api.w.org\/{rel}","templated":true}]}}